{"id":572,"date":"2023-05-19T11:42:00","date_gmt":"2023-05-19T11:42:00","guid":{"rendered":"https:\/\/tllobregat.com\/empresa\/"},"modified":"2023-05-19T11:42:04","modified_gmt":"2023-05-19T11:42:04","slug":"empresa","status":"publish","type":"page","link":"https:\/\/tllobregat.com\/ca\/empresa\/","title":{"rendered":"Empresa"},"content":{"rendered":"\n<style type=\"text\/css\" data-created_by=\"avia_inline_auto\" id=\"style-css-av-vdiwk-d383e7325fd50ac984f8494b93606b7a\">\n.avia-section.av-vdiwk-d383e7325fd50ac984f8494b93606b7a{\nbackground-repeat:no-repeat;\nbackground-image:url(https:\/\/tllobregat.com\/wp-content\/uploads\/2023\/03\/empresa-2.jpg);\nbackground-position:50% 50%;\nbackground-attachment:fixed;\n}\n.avia-section.av-vdiwk-d383e7325fd50ac984f8494b93606b7a .av-section-color-overlay{\nopacity:0.4;\nbackground-color:#0a0a0a;\n}\n<\/style>\n<div id='av_section_1'  class='avia-section av-vdiwk-d383e7325fd50ac984f8494b93606b7a alternate_color avia-section-default avia-no-border-styling  avia-builder-el-0  el_before_av_section  avia-builder-el-first  avia-bg-style-fixed av-section-color-overlay-active av-minimum-height av-minimum-height-40 av-height-percent  container_wrap sidebar_right'  data-section-bg-repeat='no-repeat' data-av_minimum_height_pc='40' data-av_min_height_opt='percent'><div class=\"av-section-color-overlay-wrap\"><div class=\"av-section-color-overlay\"><\/div><div class='container av-section-cont-open' ><main  role=\"main\" itemprop=\"mainContentOfPage\"  class='template-page content  av-content-small alpha units'><div class='post-entry post-entry-type-page post-entry-572'><div class='entry-content-wrapper clearfix'>\n<div  class='flex_column av-328gk-7a91a513adbb9627e1a4f712cafa882d av_one_half  avia-builder-el-1  el_before_av_one_half  avia-builder-el-first  first flex_column_div  '     ><section  class='av_textblock_section av-2ra64-b04af3584a973dcf7a83c55cf3e42cb6 '   itemscope=\"itemscope\" itemtype=\"https:\/\/schema.org\/CreativeWork\" ><div class='avia_textblock'  itemprop=\"text\" ><h2>60 anys d&#8217;experi\u00e8ncia<\/h2>\n<h3>En fabricaci\u00f3 i distribuci\u00f3 d&#8217;hidrants contra incendis<\/h3>\n<p>Tallers Llobregat es va fundar l&#8217;any 1957.<\/p>\n<p>Convertint-se en una de les empreses pioneres en la fabricaci\u00f3 i la distribuci\u00f3 d&#8217;hidrants contra incendis a nivell nacional.<\/p>\n<p>Des dels inicis la prioritat i la filosofia de l&#8217;empresa ha estat la de fabricar hidrants d&#8217;alta qualitat.<\/p>\n<p>Els models dels hidrants han evolucionat al llarg de la hist\u00f2ria de l&#8217;empresa, sempre seguint les normatives corresponents de cada moment i els certificats de qualitat de producte.<\/p>\n<p>L&#8217;empresa tamb\u00e9 s&#8217;ha modernitzat al llarg dels anys. Disposem al nostre taller de maquin\u00e0ria d&#8217;\u00faltima tecnologia que ens permet disposar d&#8217;una cadena de producci\u00f3 eficient i efica\u00e7.<\/p>\n<\/div><\/section><\/div><div  class='flex_column av-ih3ro-311142b2a13a3c7dd284aecbaa880ac0 av_one_half  avia-builder-el-3  el_after_av_one_half  avia-builder-el-last  flex_column_div  '     ><p>\n<style type=\"text\/css\" data-created_by=\"avia_inline_auto\" id=\"style-css-av-lflmbc6m-4423a9ef0546e76559ebd0bf7f5330f7\">\n.avia-image-container.av-lflmbc6m-4423a9ef0546e76559ebd0bf7f5330f7 img.avia_image{\nbox-shadow:none;\n}\n.avia-image-container.av-lflmbc6m-4423a9ef0546e76559ebd0bf7f5330f7 .av-image-caption-overlay-center{\ncolor:#ffffff;\n}\n<\/style>\n<div  class='avia-image-container av-lflmbc6m-4423a9ef0546e76559ebd0bf7f5330f7 av-styling- avia-align-right  avia-builder-el-4  el_before_av_hr  avia-builder-el-first '   itemprop=\"image\" itemscope=\"itemscope\" itemtype=\"https:\/\/schema.org\/ImageObject\" ><div class=\"avia-image-container-inner\"><div class=\"avia-image-overlay-wrap\"><img decoding=\"async\" fetchpriority=\"high\" class='wp-image-169 avia-img-lazy-loading-not-169 avia_image ' src=\"https:\/\/tllobregat.com\/wp-content\/uploads\/2023\/03\/favicon.png\" alt='Transports Llobregat' title='Transports Llobregat'  height=\"128\" width=\"128\"  itemprop=\"thumbnailUrl\" srcset=\"https:\/\/tllobregat.com\/wp-content\/uploads\/2023\/03\/favicon.png 128w, https:\/\/tllobregat.com\/wp-content\/uploads\/2023\/03\/favicon-80x80.png 80w, https:\/\/tllobregat.com\/wp-content\/uploads\/2023\/03\/favicon-36x36.png 36w\" sizes=\"(max-width: 128px) 100vw, 128px\" \/><\/div><\/div><\/div><br \/>\n\n<style type=\"text\/css\" data-created_by=\"avia_inline_auto\" id=\"style-css-av-lflmeb0b-efd0497f0439c4755e7a6df0def878bc\">\n#top .hr.hr-invisible.av-lflmeb0b-efd0497f0439c4755e7a6df0def878bc{\nheight:100px;\n}\n<\/style>\n<div  class='hr av-lflmeb0b-efd0497f0439c4755e7a6df0def878bc hr-invisible  avia-builder-el-5  el_after_av_image  el_before_av_hr '><span class='hr-inner '><span class=\"hr-inner-style\"><\/span><\/span><\/div><br \/>\n\n<style type=\"text\/css\" data-created_by=\"avia_inline_auto\" id=\"style-css-av-6um6k-67455d0d82036042542b5a82e96ce4bb\">\n#top .hr.hr-invisible.av-6um6k-67455d0d82036042542b5a82e96ce4bb{\nheight:100px;\n}\n<\/style>\n<div  class='hr av-6um6k-67455d0d82036042542b5a82e96ce4bb hr-invisible  avia-builder-el-6  el_after_av_hr  el_before_av_textblock '><span class='hr-inner '><span class=\"hr-inner-style\"><\/span><\/span><\/div><br \/>\n<section  class='av_textblock_section av-lfm9d6md-e03353abb3f59c44f6e9179acb6944bd '   itemscope=\"itemscope\" itemtype=\"https:\/\/schema.org\/CreativeWork\" ><div class='avia_textblock'  itemprop=\"text\" ><h3 style=\"text-align: right;\">QUALITAT<\/h3>\n<h3 style=\"text-align: right;\"><\/h3>\n<h3 style=\"text-align: right;\">\nEXPERI\u00c8NCIA<\/h3>\n<h3 style=\"text-align: right;\"><\/h3>\n<h3 style=\"text-align: right;\">\nINNOVACI\u00d3<\/h3>\n<h3 style=\"text-align: right;\">\nINFRAESTRUCTURA<\/h3>\n<\/div><\/section><\/p><\/div><\/div><\/div><\/main><!-- close content main element --><\/div><\/div><\/div>\n<style type=\"text\/css\" data-created_by=\"avia_inline_auto\" id=\"style-css-av-lflmd5yt-d097559e2118e3d4bed3af58e2a9bc36\">\n.avia-section.av-lflmd5yt-d097559e2118e3d4bed3af58e2a9bc36{\nbackground-repeat:no-repeat;\nbackground-image:url(https:\/\/tllobregat.com\/wp-content\/uploads\/2023\/03\/empresa-1.jpg);\nbackground-position:50% 50%;\nbackground-attachment:fixed;\n}\n.avia-section.av-lflmd5yt-d097559e2118e3d4bed3af58e2a9bc36 .av-section-color-overlay{\nopacity:0.4;\nbackground-color:#0a0a0a;\n}\n<\/style>\n<div id='av_section_2'  class='avia-section av-lflmd5yt-d097559e2118e3d4bed3af58e2a9bc36 alternate_color avia-section-default avia-no-border-styling  avia-builder-el-8  el_after_av_section  el_before_av_hr  avia-bg-style-fixed av-section-color-overlay-active av-minimum-height av-minimum-height-40 av-height-percent  container_wrap sidebar_right'  data-section-bg-repeat='no-repeat' data-av_minimum_height_pc='40' data-av_min_height_opt='percent'><div class=\"av-section-color-overlay-wrap\"><div class=\"av-section-color-overlay\"><\/div><div class='container av-section-cont-open' ><div class='template-page content  av-content-small alpha units'><div class='post-entry post-entry-type-page post-entry-572'><div class='entry-content-wrapper clearfix'>\n<div  class='flex_column av-sj3ek-9c663614f50b2c2720dbb882c787e4cc av_one_half  avia-builder-el-9  el_before_av_one_half  avia-builder-el-first  first flex_column_div  '     ><section  class='av_textblock_section av-lflm92a7-b304b052d803c4c083b7f9625ef18668 '   itemscope=\"itemscope\" itemtype=\"https:\/\/schema.org\/CreativeWork\" ><div class='avia_textblock'  itemprop=\"text\" ><h2>Import\u00e0ncia dels hidrants contra incendis<\/h2>\n<p>Els hidrants s\u00f3n fonamentals per evitar accidents que es poden convertir en trag\u00e8dia.<\/p>\n<p>\u00c9s per aix\u00f2 que tallers Llobregat sempre han tingut com a norma principal fabricar hidrants de m\u00e0xima qualitat que assegurin un bon funcionament i que tinguin una vida \u00fatil de molts anys.<\/p>\n<\/div><\/section><\/div><div  class='flex_column av-ms6bw-5a33ec9a442eb3dbd19dfaa3e19644f7 av_one_half  avia-builder-el-11  el_after_av_one_half  el_before_av_promobox  flex_column_div  '     ><style type=\"text\/css\" data-created_by=\"avia_inline_auto\" id=\"style-css-av-dgpxw-92feeff278d6b5689a6f6b2644231e9e\">\n.avia-image-container.av-dgpxw-92feeff278d6b5689a6f6b2644231e9e img.avia_image{\nbox-shadow:none;\n}\n.avia-image-container.av-dgpxw-92feeff278d6b5689a6f6b2644231e9e .av-image-caption-overlay-center{\ncolor:#ffffff;\n}\n<\/style>\n<div  class='avia-image-container av-dgpxw-92feeff278d6b5689a6f6b2644231e9e av-styling- avia-align-right  avia-builder-el-12  avia-builder-el-no-sibling '   itemprop=\"image\" itemscope=\"itemscope\" itemtype=\"https:\/\/schema.org\/ImageObject\" ><div class=\"avia-image-container-inner\"><div class=\"avia-image-overlay-wrap\"><img decoding=\"async\" fetchpriority=\"high\" class='wp-image-169 avia-img-lazy-loading-not-169 avia_image ' src=\"https:\/\/tllobregat.com\/wp-content\/uploads\/2023\/03\/favicon.png\" alt='Transports Llobregat' title='Transports Llobregat'  height=\"128\" width=\"128\"  itemprop=\"thumbnailUrl\" srcset=\"https:\/\/tllobregat.com\/wp-content\/uploads\/2023\/03\/favicon.png 128w, https:\/\/tllobregat.com\/wp-content\/uploads\/2023\/03\/favicon-80x80.png 80w, https:\/\/tllobregat.com\/wp-content\/uploads\/2023\/03\/favicon-36x36.png 36w\" sizes=\"(max-width: 128px) 100vw, 128px\" \/><\/div><\/div><\/div><\/div>\n<style type=\"text\/css\" data-created_by=\"avia_inline_auto\" id=\"style-css-av-aue3w-28d2b6a292ff2394407e9101257f027a\">\n.av_promobox.av-aue3w-28d2b6a292ff2394407e9101257f027a{\ncolor:#ffffff;\nbackground:#444444;\nborder-color:#333333;\n}\n<\/style>\n<div  class='av_promobox av-aue3w-28d2b6a292ff2394407e9101257f027a avia-button-no  avia-builder-el-13  el_after_av_one_half  avia-builder-el-last '><div class='avia-promocontent'><h3 style=\"text-align: center;\">L\u00b4hidrant \u00e9s un equip que subministra una gran quantitat d\u00b4aigua en un breu espai de temps<\/h3>\n<\/div><\/div>\n<\/div><\/div><\/div><!-- close content main div --><\/div><\/div><\/div><div id='after_section_2'  class='main_color av_default_container_wrap container_wrap sidebar_right'  ><div class='container av-section-cont-open' ><div class='template-page content  av-content-small alpha units'><div class='post-entry post-entry-type-page post-entry-572'><div class='entry-content-wrapper clearfix'>\n<style type=\"text\/css\" data-created_by=\"avia_inline_auto\" id=\"style-css-av-32zwpw-f61f4063f5822d002d38869207b177bb\">\n#top .hr.hr-invisible.av-32zwpw-f61f4063f5822d002d38869207b177bb{\nheight:50px;\n}\n<\/style>\n<div  class='hr av-32zwpw-f61f4063f5822d002d38869207b177bb hr-invisible  avia-builder-el-14  el_after_av_section  el_before_av_three_fourth  avia-builder-el-first '><span class='hr-inner '><span class=\"hr-inner-style\"><\/span><\/span><\/div><\/p>\n<div  class='flex_column av-lx7d0-a96795377513312527c83fb43824a8f3 av_three_fourth  avia-builder-el-15  el_after_av_hr  el_before_av_one_fourth  first flex_column_div  '     ><section  class='av_textblock_section av-lfmadn9l-947fe81d9de73bd07b80aff348b0ba57 '   itemscope=\"itemscope\" itemtype=\"https:\/\/schema.org\/CreativeWork\" ><div class='avia_textblock'  itemprop=\"text\" ><blockquote>\n<h2>Infraestructures de producci\u00f3<\/h2>\n<h3>Taller propi equipat amb:<\/h3>\n<p>Forn de pintura<br \/>\nM\u00e0quines de control num\u00e8ric<br \/>\nSala d&#8217;assemblatge<br \/>\nMagatzem d&#8217;estoc<br \/>\nSistemes de producci\u00f3 en cadena<\/p>\n<\/blockquote>\n<\/div><\/section><\/div>\n<div  class='flex_column av-cnbas-a3ddc5d64f8e5c03da668dca967226a9 av_one_fourth  avia-builder-el-17  el_after_av_three_fourth  avia-builder-el-last  flex_column_div  '     ><style type=\"text\/css\" data-created_by=\"avia_inline_auto\" id=\"style-css-av-lfmacjgq-22a5fa8886131b0caf475f2f609ec9f5\">\n.avia-image-container.av-lfmacjgq-22a5fa8886131b0caf475f2f609ec9f5 img.avia_image{\nbox-shadow:none;\n}\n.avia-image-container.av-lfmacjgq-22a5fa8886131b0caf475f2f609ec9f5 .av-image-caption-overlay-center{\ncolor:#ffffff;\n}\n<\/style>\n<div  class='avia-image-container av-lfmacjgq-22a5fa8886131b0caf475f2f609ec9f5 av-styling- avia-align-right  avia-builder-el-18  avia-builder-el-no-sibling '   itemprop=\"image\" itemscope=\"itemscope\" itemtype=\"https:\/\/schema.org\/ImageObject\" ><div class=\"avia-image-container-inner\"><div class=\"avia-image-overlay-wrap\"><img decoding=\"async\" fetchpriority=\"high\" class='wp-image-206 avia-img-lazy-loading-not-206 avia_image ' src=\"https:\/\/tllobregat.com\/wp-content\/uploads\/2023\/03\/hidrant-3.jpg\" alt='Instalaci\u00f3n Hidrante' title='hidrant-3'  height=\"1920\" width=\"1280\"  itemprop=\"thumbnailUrl\" srcset=\"https:\/\/tllobregat.com\/wp-content\/uploads\/2023\/03\/hidrant-3.jpg 1280w, https:\/\/tllobregat.com\/wp-content\/uploads\/2023\/03\/hidrant-3-200x300.jpg 200w, https:\/\/tllobregat.com\/wp-content\/uploads\/2023\/03\/hidrant-3-687x1030.jpg 687w, https:\/\/tllobregat.com\/wp-content\/uploads\/2023\/03\/hidrant-3-768x1152.jpg 768w, https:\/\/tllobregat.com\/wp-content\/uploads\/2023\/03\/hidrant-3-1024x1536.jpg 1024w, https:\/\/tllobregat.com\/wp-content\/uploads\/2023\/03\/hidrant-3-1000x1500.jpg 1000w, https:\/\/tllobregat.com\/wp-content\/uploads\/2023\/03\/hidrant-3-470x705.jpg 470w\" sizes=\"(max-width: 1280px) 100vw, 1280px\" \/><\/div><\/div><\/div><\/div>\n","protected":false},"excerpt":{"rendered":"","protected":false},"author":3,"featured_media":0,"parent":0,"menu_order":0,"comment_status":"closed","ping_status":"closed","template":"","meta":{"footnotes":""},"class_list":["post-572","page","type-page","status-publish","hentry"],"yoast_head":"<!-- This site is optimized with the Yoast SEO plugin v25.3.1 - https:\/\/yoast.com\/wordpress\/plugins\/seo\/ -->\n<title>Empresa - Llobregat Tallers<\/title>\n<meta name=\"robots\" content=\"index, follow, max-snippet:-1, max-image-preview:large, max-video-preview:-1\" \/>\n<link rel=\"canonical\" href=\"https:\/\/tllobregat.com\/ca\/empresa\/\" \/>\n<meta property=\"og:locale\" content=\"ca_ES\" \/>\n<meta property=\"og:type\" content=\"article\" \/>\n<meta property=\"og:title\" content=\"Empresa - Llobregat Tallers\" \/>\n<meta property=\"og:url\" content=\"https:\/\/tllobregat.com\/ca\/empresa\/\" \/>\n<meta property=\"og:site_name\" content=\"Llobregat Tallers\" \/>\n<meta property=\"article:modified_time\" content=\"2023-05-19T11:42:04+00:00\" \/>\n<meta name=\"twitter:card\" content=\"summary_large_image\" \/>\n<meta name=\"twitter:label1\" content=\"Temps estimat de lectura\" \/>\n\t<meta name=\"twitter:data1\" content=\"24 minuts\" \/>\n<script type=\"application\/ld+json\" class=\"yoast-schema-graph\">{\"@context\":\"https:\/\/schema.org\",\"@graph\":[{\"@type\":\"WebPage\",\"@id\":\"https:\/\/tllobregat.com\/ca\/empresa\/\",\"url\":\"https:\/\/tllobregat.com\/ca\/empresa\/\",\"name\":\"Empresa - Llobregat Tallers\",\"isPartOf\":{\"@id\":\"https:\/\/tllobregat.com\/#website\"},\"datePublished\":\"2023-05-19T11:42:00+00:00\",\"dateModified\":\"2023-05-19T11:42:04+00:00\",\"breadcrumb\":{\"@id\":\"https:\/\/tllobregat.com\/ca\/empresa\/#breadcrumb\"},\"inLanguage\":\"ca\",\"potentialAction\":[{\"@type\":\"ReadAction\",\"target\":[\"https:\/\/tllobregat.com\/ca\/empresa\/\"]}]},{\"@type\":\"BreadcrumbList\",\"@id\":\"https:\/\/tllobregat.com\/ca\/empresa\/#breadcrumb\",\"itemListElement\":[{\"@type\":\"ListItem\",\"position\":1,\"name\":\"Inici\",\"item\":\"https:\/\/tllobregat.com\/ca\/inici\/\"},{\"@type\":\"ListItem\",\"position\":2,\"name\":\"Empresa\"}]},{\"@type\":\"WebSite\",\"@id\":\"https:\/\/tllobregat.com\/#website\",\"url\":\"https:\/\/tllobregat.com\/\",\"name\":\"Llobregat Tallers\",\"description\":\"Fabricaci\u00f3n y distribuci\u00f3n de hidrantes contra incendios\",\"potentialAction\":[{\"@type\":\"SearchAction\",\"target\":{\"@type\":\"EntryPoint\",\"urlTemplate\":\"https:\/\/tllobregat.com\/?s={search_term_string}\"},\"query-input\":{\"@type\":\"PropertyValueSpecification\",\"valueRequired\":true,\"valueName\":\"search_term_string\"}}],\"inLanguage\":\"ca\"}]}<\/script>\n<!-- \/ Yoast SEO plugin. -->","yoast_head_json":{"title":"Empresa - Llobregat Tallers","robots":{"index":"index","follow":"follow","max-snippet":"max-snippet:-1","max-image-preview":"max-image-preview:large","max-video-preview":"max-video-preview:-1"},"canonical":"https:\/\/tllobregat.com\/ca\/empresa\/","og_locale":"ca_ES","og_type":"article","og_title":"Empresa - Llobregat Tallers","og_url":"https:\/\/tllobregat.com\/ca\/empresa\/","og_site_name":"Llobregat Tallers","article_modified_time":"2023-05-19T11:42:04+00:00","twitter_card":"summary_large_image","twitter_misc":{"Temps estimat de lectura":"24 minuts"},"schema":{"@context":"https:\/\/schema.org","@graph":[{"@type":"WebPage","@id":"https:\/\/tllobregat.com\/ca\/empresa\/","url":"https:\/\/tllobregat.com\/ca\/empresa\/","name":"Empresa - Llobregat Tallers","isPartOf":{"@id":"https:\/\/tllobregat.com\/#website"},"datePublished":"2023-05-19T11:42:00+00:00","dateModified":"2023-05-19T11:42:04+00:00","breadcrumb":{"@id":"https:\/\/tllobregat.com\/ca\/empresa\/#breadcrumb"},"inLanguage":"ca","potentialAction":[{"@type":"ReadAction","target":["https:\/\/tllobregat.com\/ca\/empresa\/"]}]},{"@type":"BreadcrumbList","@id":"https:\/\/tllobregat.com\/ca\/empresa\/#breadcrumb","itemListElement":[{"@type":"ListItem","position":1,"name":"Inici","item":"https:\/\/tllobregat.com\/ca\/inici\/"},{"@type":"ListItem","position":2,"name":"Empresa"}]},{"@type":"WebSite","@id":"https:\/\/tllobregat.com\/#website","url":"https:\/\/tllobregat.com\/","name":"Llobregat Tallers","description":"Fabricaci\u00f3n y distribuci\u00f3n de hidrantes contra incendios","potentialAction":[{"@type":"SearchAction","target":{"@type":"EntryPoint","urlTemplate":"https:\/\/tllobregat.com\/?s={search_term_string}"},"query-input":{"@type":"PropertyValueSpecification","valueRequired":true,"valueName":"search_term_string"}}],"inLanguage":"ca"}]}},"_links":{"self":[{"href":"https:\/\/tllobregat.com\/ca\/wp-json\/wp\/v2\/pages\/572","targetHints":{"allow":["GET"]}}],"collection":[{"href":"https:\/\/tllobregat.com\/ca\/wp-json\/wp\/v2\/pages"}],"about":[{"href":"https:\/\/tllobregat.com\/ca\/wp-json\/wp\/v2\/types\/page"}],"author":[{"embeddable":true,"href":"https:\/\/tllobregat.com\/ca\/wp-json\/wp\/v2\/users\/3"}],"replies":[{"embeddable":true,"href":"https:\/\/tllobregat.com\/ca\/wp-json\/wp\/v2\/comments?post=572"}],"version-history":[{"count":4,"href":"https:\/\/tllobregat.com\/ca\/wp-json\/wp\/v2\/pages\/572\/revisions"}],"predecessor-version":[{"id":616,"href":"https:\/\/tllobregat.com\/ca\/wp-json\/wp\/v2\/pages\/572\/revisions\/616"}],"wp:attachment":[{"href":"https:\/\/tllobregat.com\/ca\/wp-json\/wp\/v2\/media?parent=572"}],"curies":[{"name":"wp","href":"https:\/\/api.w.org\/{rel}","templated":true}]}}